{"id":17051,"date":"2025-03-16T18:50:18","date_gmt":"2025-03-16T16:50:18","guid":{"rendered":"https:\/\/www.tourinvespa.com\/?post_type=product&#038;p=17051"},"modified":"2026-04-13T10:28:30","modified_gmt":"2026-04-13T08:28:30","slug":"lake-maggiore-and-lake-orta-by-vespa-with-lunch","status":"publish","type":"product","link":"https:\/\/www.tourinvespa.com\/en\/tour\/lake-maggiore-and-lake-orta-by-vespa-with-lunch\/","title":{"rendered":"Lake Maggiore and Lake Orta by Vespa with lunch"},"content":{"rendered":"<h3>Tour in Vespa among Lake Maggiore and Lake Orta with lunch<\/h3>\n<p>Set off on an unforgettable Vespa adventure to discover the <strong>breathtaking landscapes between Lake Maggiore and Lake Orta<\/strong>. This scenic tour will take you through charming villages, panoramic roads, and hidden gems, offering the perfect mix of nature, culture, and gastronomy.<\/p>\n<p>What you will discover:<\/p>\n<ul>\n<li>Departure from Stresa: pick up your Vespa and get ready to explore one of the most beautiful areas of Italy.<\/li>\n<li><strong>Stresa<\/strong>: ride through the streets of this elegant lakeside town, famous for its stunning views and historic villas.<\/li>\n<li><strong>Levo<\/strong>: a picturesque hillside village offering spectacular views of Lake Maggiore.<\/li>\n<li><strong>Orta San Giulio<\/strong>: discover the charm of this medieval town on the shores of Lake Orta, with its cobbled streets, historic buildings, and the enchanting San Giulio Island.<\/li>\n<li><strong>Lunch at <em>Filo e Fieno<\/em><\/strong>*: stop for a delicious meal at this renowned restaurant in Orta San Giulio, where you will enjoy local specialties prepared with fresh, high-quality ingredients.<\/li>\n<li><strong>Crabbia<\/strong>: a small village surrounded by greenery, perfect for a relaxing break.<\/li>\n<li><strong>Sovazza<\/strong>: a charming village in the hills, ideal for experiencing the peaceful countryside atmosphere.<\/li>\n<li>Return to Stresa: conclude your journey by returning your Vespa and reliving the best moments of the day.<\/li>\n<\/ul>\n<p>This tour is the perfect balance of adventure, relaxation, and culinary delights, offering an unforgettable experience between two of northern Italy\u2019s most beautiful lakes. Enjoy the ride, the views, and the flavors of the region on your Vespa!<\/p>\n<p>This experience is also a <strong>perfect gift idea<\/strong> to surprise someone with an original and unforgettable tour. If you would like to purchase a <strong>Gift Card<\/strong> with an open date, <strong><a href=\"https:\/\/www.tourinvespa.com\/en\/tour\/gift-card-tour-in-vespa-among-colli-bolognesi-copia\/\">click here<\/a><\/strong>!<\/p>\n<h6>*subject to availability<\/h6>\n","protected":false},"excerpt":{"rendered":"<p>Tour in Vespa among Lake Maggiore and Lake Orta with lunch Set off on an unforgettable Vespa adventure to discover the breathtaking landscapes between Lake Maggiore and Lake Orta. This scenic tour will take you through charming villages, panoramic roads, and hidden gems, offering the perfect mix of nature, culture, and gastronomy. What you will [&hellip;]<\/p>\n","protected":false},"featured_media":17053,"template":"","meta":{"_acf_changed":false,"content-type":"","tappe":{"item-0":{"tappa-giorno-numero":"1","tappa-orario-di-arrivo":"","tappa-nome":"Partenza da Stresa","tappa-descrizione":"<p>Il tour inizia nel cuore di <strong>Stresa<\/strong>, dove potrai ritirare la tua Vespa e prepararti a un\u2019esperienza unica.<\/p>\n","immagine-tappa":"","tappa-posizione":"{\"lat\":45.88390579139889,\"lng\":8.538695459124067}","tappa-immagine-pin":"11059","tappa-posizione_hash":"aed0974cf731747c87b1ff0898838f25","tappa-posizione_lat":"45.88390579139889","tappa-posizione_lng":"8.538695459124067"},"item-1":{"tappa-giorno-numero":"1","tappa-orario-di-arrivo":"","tappa-nome":"Tappa 1: Stresa","tappa-descrizione":"<p>Situata sulle rive del Lago Maggiore,<strong> Stresa<\/strong> \u00e8 una delle localit\u00e0 pi\u00f9 eleganti e affascinanti della zona. Qui potrai ammirare splendide ville, giardini lussureggianti e una<strong> vista mozzafiato sulle Isole Borromee<\/strong>.<\/p>\n","immagine-tappa":"","tappa-posizione":"{\"lat\":45.88820747973803,\"lng\":8.525649195223078}","tappa-immagine-pin":"11060","tappa-posizione_hash":"c06a605a3c2e162136b63951d137a2d5","tappa-posizione_lat":"45.88820747973803","tappa-posizione_lng":"8.525649195223078"},"item-2":{"tappa-giorno-numero":"1","tappa-orario-di-arrivo":"","tappa-nome":"Tappa 2: Levo","tappa-descrizione":"<p>Questo <strong>pittoresco borgo collinare<\/strong> offre un <strong>panorama incredibile sul Lago Maggiore<\/strong> e sulle montagne circostanti. Immerso nella tranquillit\u00e0, \u00e8 il luogo perfetto per una sosta fotografica e per respirare l\u2019aria pura della natura.<\/p>\n","immagine-tappa":"","tappa-posizione":"{\"lat\":45.88318881095643,\"lng\":8.509513026713961}","tappa-immagine-pin":"11061","tappa-posizione_hash":"5419e3d64f1342d4853c981689a60373","tappa-posizione_lat":"45.88318881095643","tappa-posizione_lng":"8.509513026713961"},"item-3":{"tappa-giorno-numero":"1","tappa-orario-di-arrivo":"13:00","tappa-nome":"Tappa 3: Orta San Giulio con pranzo","tappa-descrizione":"<p>Considerato <strong>uno dei borghi pi\u00f9 belli d\u2019Italia<\/strong>, <strong>Orta San Giulio<\/strong> ti conquister\u00e0 con le sue stradine acciottolate e il suo fascino medievale. Dal lungolago potrai ammirare l\u2019Isola di San Giulio, un piccolo gioiello ricco di storia e spiritualit\u00e0. Qui pranzerai al Ristorante <em>Filo e Fieno<\/em>.<\/p>\n","immagine-tappa":"","tappa-posizione":"{\"lat\":45.79636587802092,\"lng\":8.417159211204334}","tappa-dove-mangiare":["17074"],"tappa-immagine-pin":"11062","tappa-posizione_hash":"d91807595caee4a2a3633d9a94f897dc","tappa-posizione_lat":"45.79636587802092","tappa-posizione_lng":"8.417159211204334"},"item-4":{"tappa-giorno-numero":"1","tappa-orario-di-arrivo":"","tappa-nome":"Tappa 4: Crabbia","tappa-descrizione":"<p>Questo piccolo <strong>borgo, immerso nel verde<\/strong>, regala un\u2019atmosfera serena e rilassante. La sua posizione panoramica permette di <strong>ammirare scorci suggestivi sulle colline e sul lago<\/strong>, rendendolo una tappa perfetta per un momento di pausa.<\/p>\n","immagine-tappa":"","tappa-posizione":"{\"lat\":45.82771429616798,\"lng\":8.399649751758272}","tappa-immagine-pin":"11063","tappa-posizione_hash":"bb5927a72ce1af9c991be41e4a0a8141","tappa-posizione_lat":"45.82771429616798","tappa-posizione_lng":"8.399649751758272"},"item-5":{"tappa-giorno-numero":"1","tappa-orario-di-arrivo":"","tappa-nome":"Tappa 5: Sovazza","tappa-descrizione":"<p>Un <strong>affascinante villaggio tra le colline<\/strong>, dove la natura e la tradizione si fondono in un\u2019armonia perfetta. Qui potrai assaporare il fascino della campagna piemontese, con i suoi paesaggi bucolici e la sua autenticit\u00e0.<\/p>\n","immagine-tappa":"","tappa-posizione":"{\"lat\":45.820058295973716,\"lng\":8.473807462353363}","tappa-immagine-pin":"11064","tappa-posizione_hash":"80bb2fccc68b6bef3bfb2d2e5ebf5407","tappa-posizione_lat":"45.820058295973716","tappa-posizione_lng":"8.473807462353363"},"item-6":{"tappa-giorno-numero":"1","tappa-orario-di-arrivo":"","tappa-nome":"Rientro a Stresa","tappa-descrizione":"<p>Dopo una giornata all\u2019insegna della scoperta e del divertimento, il tour si conclude con la riconsegna della Vespa a Stresa entro le ore 19:00. Un ultimo sguardo ai meravigliosi panorami prima di salutare questa <strong>esperienza indimenticabile<\/strong>.<\/p>\n","immagine-tappa":"","tappa-posizione":"{\"lat\":45.884622762588165,\"lng\":8.539038781858304}","tappa-immagine-pin":"11352","tappa-posizione_hash":"4217182c275ce547427f9999174f7a20","tappa-posizione_lat":"45.884622762588165","tappa-posizione_lng":"8.539038781858304"}}},"product_brand":[],"product_cat":[115],"product_tag":[],"giftcard-category":[],"class_list":{"0":"post-17051","1":"product","2":"type-product","3":"status-publish","4":"has-post-thumbnail","6":"product_cat-piedmont","8":"first","9":"instock","10":"sold-individually","11":"purchasable","12":"product-type-ovabrw_car_rental"},"acf":[],"_links":{"self":[{"href":"https:\/\/www.tourinvespa.com\/en\/wp-json\/wp\/v2\/product\/17051","targetHints":{"allow":["GET"]}}],"collection":[{"href":"https:\/\/www.tourinvespa.com\/en\/wp-json\/wp\/v2\/product"}],"about":[{"href":"https:\/\/www.tourinvespa.com\/en\/wp-json\/wp\/v2\/types\/product"}],"wp:featuredmedia":[{"embeddable":true,"href":"https:\/\/www.tourinvespa.com\/en\/wp-json\/wp\/v2\/media\/17053"}],"wp:attachment":[{"href":"https:\/\/www.tourinvespa.com\/en\/wp-json\/wp\/v2\/media?parent=17051"}],"wp:term":[{"taxonomy":"product_brand","embeddable":true,"href":"https:\/\/www.tourinvespa.com\/en\/wp-json\/wp\/v2\/product_brand?post=17051"},{"taxonomy":"product_cat","embeddable":true,"href":"https:\/\/www.tourinvespa.com\/en\/wp-json\/wp\/v2\/product_cat?post=17051"},{"taxonomy":"product_tag","embeddable":true,"href":"https:\/\/www.tourinvespa.com\/en\/wp-json\/wp\/v2\/product_tag?post=17051"},{"taxonomy":"giftcard-category","embeddable":true,"href":"https:\/\/www.tourinvespa.com\/en\/wp-json\/wp\/v2\/giftcard-category?post=17051"}],"curies":[{"name":"wp","href":"https:\/\/api.w.org\/{rel}","templated":true}]}}